{"id":2427,"date":"2026-03-04T18:44:45","date_gmt":"2026-03-04T18:44:45","guid":{"rendered":"https:\/\/cimbramexindustrial.mx\/?page_id=2427"},"modified":"2026-03-27T12:25:54","modified_gmt":"2026-03-27T18:25:54","slug":"central-de-cogeneracion-de-cfe","status":"publish","type":"page","link":"https:\/\/cimbramexindustrial.mx\/en\/central-de-cogeneracion-de-cfe\/","title":{"rendered":"Central de cogeneraci\u00f3n de cfe"},"content":{"rendered":"<div data-elementor-type=\"wp-page\" data-elementor-id=\"2427\" class=\"elementor elementor-2427\" data-elementor-post-type=\"page\">\n\t\t\t\t<div class=\"elementor-element elementor-element-9ac51e5 e-flex e-con-boxed wpr-particle-no wpr-jarallax-no wpr-parallax-no wpr-sticky-section-no e-con e-parent\" data-id=\"9ac51e5\" data-element_type=\"container\" data-e-type=\"container\" id=\"up\" data-settings=\"{&quot;background_background&quot;:&quot;classic&quot;}\">\n\t\t\t\t\t<div class=\"e-con-inner\">\n\t\t<div class=\"elementor-element elementor-element-26d1f4f e-con-full e-flex wpr-particle-no wpr-jarallax-no wpr-parallax-no wpr-sticky-section-no e-con e-child\" data-id=\"26d1f4f\" data-element_type=\"container\" data-e-type=\"container\">\n\t\t\t\t<div class=\"elementor-element elementor-element-3edad21 elementor-widget elementor-widget-heading\" data-id=\"3edad21\" data-element_type=\"widget\" data-e-type=\"widget\" data-widget_type=\"heading.default\">\n\t\t\t\t<div class=\"elementor-widget-container\">\n\t\t\t\t\t<h1 class=\"elementor-heading-title elementor-size-default\">Maintenance of CFE Cogeneration Plant.<\/h1>\t\t\t\t<\/div>\n\t\t\t\t<\/div>\n\t\t\t\t<div class=\"elementor-element elementor-element-a839ab4 elementor-widget elementor-widget-heading\" data-id=\"a839ab4\" data-element_type=\"widget\" data-e-type=\"widget\" data-widget_type=\"heading.default\">\n\t\t\t\t<div class=\"elementor-widget-container\">\n\t\t\t\t\t<h2 class=\"elementor-heading-title elementor-size-default\">Cuautla Morelos.<\/h2>\t\t\t\t<\/div>\n\t\t\t\t<\/div>\n\t\t\t\t<div class=\"elementor-element elementor-element-2f23373 elementor-widget elementor-widget-text-editor\" data-id=\"2f23373\" data-element_type=\"widget\" data-e-type=\"widget\" data-widget_type=\"text-editor.default\">\n\t\t\t\t<div class=\"elementor-widget-container\">\n\t\t\t\t\t\t\t\t\t<p>This work tower was built for the maintenance and rehabilitation of three chimneys at the thermoelectric power plant in Cuernavaca, Morelos. This project was completed with\u00a0<a href=\"http:\/\/cimbramex.mx\/andamios\/sistema-multi-funcional\/\" target=\"_blank\" rel=\"noopener\" data-fpl-component=\"primitive\">Andamios Multifuncional Cimbramex.<\/a>\u00a0Se habilitaron zonas de trabajo en el per\u00edmetro de cada chimenea, con anchos de 1.20 m. logrando alcanzar una altura de 44 m de estructura, con niveles de trabajo a cada 2 m, brindando un acceso confiable y seguro para el personal operario.<\/p>\t\t\t\t\t\t\t\t<\/div>\n\t\t\t\t<\/div>\n\t\t\t\t<\/div>\n\t\t<div class=\"elementor-element elementor-element-5b28b6d e-con-full e-flex wpr-particle-no wpr-jarallax-no wpr-parallax-no wpr-sticky-section-no e-con e-child\" data-id=\"5b28b6d\" data-element_type=\"container\" data-e-type=\"container\">\n\t\t\t\t<div class=\"elementor-element elementor-element-c4c81ab elementor-widget elementor-widget-image\" data-id=\"c4c81ab\" data-element_type=\"widget\" data-e-type=\"widget\" data-widget_type=\"image.default\">\n\t\t\t\t<div class=\"elementor-widget-container\">\n\t\t\t\t\t\t\t\t\t\t\t\t\t\t\t<img fetchpriority=\"high\" decoding=\"async\" width=\"800\" height=\"561\" src=\"https:\/\/cimbramexindustrial.mx\/wp-content\/uploads\/2026\/03\/WhatsApp-Image-2026-03-02-at-11.31.50-AM.jpeg\" class=\"attachment-large size-large wp-image-2667\" alt=\"\" srcset=\"https:\/\/cimbramexindustrial.mx\/wp-content\/uploads\/2026\/03\/WhatsApp-Image-2026-03-02-at-11.31.50-AM.jpeg 800w, https:\/\/cimbramexindustrial.mx\/wp-content\/uploads\/2026\/03\/WhatsApp-Image-2026-03-02-at-11.31.50-AM-300x210.jpeg 300w, https:\/\/cimbramexindustrial.mx\/wp-content\/uploads\/2026\/03\/WhatsApp-Image-2026-03-02-at-11.31.50-AM-768x539.jpeg 768w\" sizes=\"(max-width: 800px) 100vw, 800px\" \/>\t\t\t\t\t\t\t\t\t\t\t\t\t\t\t<\/div>\n\t\t\t\t<\/div>\n\t\t\t\t<\/div>\n\t\t\t\t\t<\/div>\n\t\t\t\t<\/div>\n\t\t<div class=\"elementor-element elementor-element-a53b4dc e-flex e-con-boxed wpr-particle-no wpr-jarallax-no wpr-parallax-no wpr-sticky-section-no e-con e-parent\" data-id=\"a53b4dc\" data-element_type=\"container\" data-e-type=\"container\" data-settings=\"{&quot;background_background&quot;:&quot;classic&quot;}\">\n\t\t\t\t\t<div class=\"e-con-inner\">\n\t\t\t\t<div class=\"elementor-element elementor-element-ab719a0 elementor-button-info elementor-widget elementor-widget-button\" data-id=\"ab719a0\" data-element_type=\"widget\" data-e-type=\"widget\" data-widget_type=\"button.default\">\n\t\t\t\t<div class=\"elementor-widget-container\">\n\t\t\t\t\t\t\t\t\t<div class=\"elementor-button-wrapper\">\n\t\t\t\t\t<a class=\"elementor-button elementor-button-link elementor-size-sm elementor-animation-grow\" href=\"#elementor-action%3Aaction%3Dpopup%3Aopen%26settings%3DeyJpZCI6IjIzNDQiLCJ0b2dnbGUiOmZhbHNlfQ%3D%3D\" target=\"_blank\">\n\t\t\t\t\t\t<span class=\"elementor-button-content-wrapper\">\n\t\t\t\t\t\t\t\t\t<span class=\"elementor-button-text\">All Projects<\/span>\n\t\t\t\t\t<\/span>\n\t\t\t\t\t<\/a>\n\t\t\t\t<\/div>\n\t\t\t\t\t\t\t\t<\/div>\n\t\t\t\t<\/div>\n\t\t\t\t<div class=\"elementor-element elementor-element-61bb29b elementor-button-info elementor-widget elementor-widget-button\" data-id=\"61bb29b\" data-element_type=\"widget\" data-e-type=\"widget\" data-widget_type=\"button.default\">\n\t\t\t\t<div class=\"elementor-widget-container\">\n\t\t\t\t\t\t\t\t\t<div class=\"elementor-button-wrapper\">\n\t\t\t\t\t<a class=\"elementor-button elementor-button-link elementor-size-sm elementor-animation-grow\" href=\"https:\/\/cimbramexindustrial.mx\/en\/arco-techo-planta-refresquera\/\" target=\"_blank\">\n\t\t\t\t\t\t<span class=\"elementor-button-content-wrapper\">\n\t\t\t\t\t\t<span class=\"elementor-button-icon\">\n\t\t\t\t<i aria-hidden=\"true\" class=\"fas fa-long-arrow-alt-right\"><\/i>\t\t\t<\/span>\n\t\t\t\t\t\t\t\t\t<span class=\"elementor-button-text\">Next Project<\/span>\n\t\t\t\t\t<\/span>\n\t\t\t\t\t<\/a>\n\t\t\t\t<\/div>\n\t\t\t\t\t\t\t\t<\/div>\n\t\t\t\t<\/div>\n\t\t\t\t\t<\/div>\n\t\t\t\t<\/div>\n\t\t\t\t<\/div>","protected":false},"excerpt":{"rendered":"<p>Mantenimiento de Central de Cogeneraci\u00f3n CFE. Cuautla Morelos. Esta torre de trabajo fue realizada para el mantenimiento y rehabilitaci\u00f3n de tres chimeneas, en la central termoel\u00e9ctrica en Cuernavaca Morelos. Este proyecto se solucione con\u00a0Andamios Multifuncional Cimbramex.\u00a0Se habilitaron zonas de trabajo en el per\u00edmetro de cada chimenea, con anchos de 1.20 m. logrando alcanzar una altura de 44 m de estructura, con niveles de trabajo a cada 2 m, brindando un acceso confiable y seguro para el personal operario. Todos los Proyectos Siguiente Proyecto<\/p>","protected":false},"author":1,"featured_media":0,"parent":0,"menu_order":0,"comment_status":"closed","ping_status":"closed","template":"","meta":{"site-sidebar-layout":"no-sidebar","site-content-layout":"page-builder","ast-site-content-layout":"full-width-container","site-content-style":"default","site-sidebar-style":"default","ast-global-header-display":"","ast-banner-title-visibility":"","ast-main-header-display":"","ast-hfb-above-header-display":"","ast-hfb-below-header-display":"","ast-hfb-mobile-header-display":"","site-post-title":"disabled","ast-breadcrumbs-content":"","ast-featured-img":"disabled","footer-sml-layout":"","ast-disable-related-posts":"","theme-transparent-header-meta":"","adv-header-id-meta":"","stick-header-meta":"","header-above-stick-meta":"","header-main-stick-meta":"","header-below-stick-meta":"","astra-migrate-meta-layouts":"set","ast-page-background-enabled":"default","ast-page-background-meta":{"desktop":{"background-color":"","background-image":"","background-repeat":"repeat","background-position":"center center","background-size":"auto","background-attachment":"scroll","background-type":"","background-media":"","overlay-type":"","overlay-color":"","overlay-opacity":"","overlay-gradient":""},"tablet":{"background-color":"","background-image":"","background-repeat":"repeat","background-position":"center center","background-size":"auto","background-attachment":"scroll","background-type":"","background-media":"","overlay-type":"","overlay-color":"","overlay-opacity":"","overlay-gradient":""},"mobile":{"background-color":"","background-image":"","background-repeat":"repeat","background-position":"center center","background-size":"auto","background-attachment":"scroll","background-type":"","background-media":"","overlay-type":"","overlay-color":"","overlay-opacity":"","overlay-gradient":""}},"ast-content-background-meta":{"desktop":{"background-color":"var(--ast-global-color-5)","background-image":"","background-repeat":"repeat","background-position":"center center","background-size":"auto","background-attachment":"scroll","background-type":"","background-media":"","overlay-type":"","overlay-color":"","overlay-opacity":"","overlay-gradient":""},"tablet":{"background-color":"var(--ast-global-color-5)","background-image":"","background-repeat":"repeat","background-position":"center center","background-size":"auto","background-attachment":"scroll","background-type":"","background-media":"","overlay-type":"","overlay-color":"","overlay-opacity":"","overlay-gradient":""},"mobile":{"background-color":"var(--ast-global-color-5)","background-image":"","background-repeat":"repeat","background-position":"center center","background-size":"auto","background-attachment":"scroll","background-type":"","background-media":"","overlay-type":"","overlay-color":"","overlay-opacity":"","overlay-gradient":""}},"_joinchat":[],"footnotes":""},"class_list":["post-2427","page","type-page","status-publish","hentry"],"_links":{"self":[{"href":"https:\/\/cimbramexindustrial.mx\/en\/wp-json\/wp\/v2\/pages\/2427","targetHints":{"allow":["GET"]}}],"collection":[{"href":"https:\/\/cimbramexindustrial.mx\/en\/wp-json\/wp\/v2\/pages"}],"about":[{"href":"https:\/\/cimbramexindustrial.mx\/en\/wp-json\/wp\/v2\/types\/page"}],"author":[{"embeddable":true,"href":"https:\/\/cimbramexindustrial.mx\/en\/wp-json\/wp\/v2\/users\/1"}],"replies":[{"embeddable":true,"href":"https:\/\/cimbramexindustrial.mx\/en\/wp-json\/wp\/v2\/comments?post=2427"}],"version-history":[{"count":34,"href":"https:\/\/cimbramexindustrial.mx\/en\/wp-json\/wp\/v2\/pages\/2427\/revisions"}],"predecessor-version":[{"id":4036,"href":"https:\/\/cimbramexindustrial.mx\/en\/wp-json\/wp\/v2\/pages\/2427\/revisions\/4036"}],"wp:attachment":[{"href":"https:\/\/cimbramexindustrial.mx\/en\/wp-json\/wp\/v2\/media?parent=2427"}],"curies":[{"name":"wp","href":"https:\/\/api.w.org\/{rel}","templated":true}]}}