{"id":2900,"date":"2026-03-09T18:24:45","date_gmt":"2026-03-09T18:24:45","guid":{"rendered":"https:\/\/cimbramexindustrial.mx\/?page_id=2900"},"modified":"2026-03-17T12:24:35","modified_gmt":"2026-03-17T18:24:35","slug":"aviso-de-privacidad","status":"publish","type":"page","link":"https:\/\/cimbramexindustrial.mx\/en\/aviso-de-privacidad\/","title":{"rendered":"Privacy Notice"},"content":{"rendered":"<div data-elementor-type=\"wp-page\" data-elementor-id=\"2900\" class=\"elementor elementor-2900\" data-elementor-post-type=\"page\">\n\t\t\t\t<div class=\"elementor-element elementor-element-b359c88 e-flex e-con-boxed wpr-particle-no wpr-jarallax-no wpr-parallax-no wpr-sticky-section-no e-con e-parent\" data-id=\"b359c88\" data-element_type=\"container\" data-e-type=\"container\" data-settings=\"{&quot;background_background&quot;:&quot;classic&quot;}\">\n\t\t\t\t\t<div class=\"e-con-inner\">\n\t\t\t\t<div class=\"elementor-element elementor-element-fb6b853 elementor-widget elementor-widget-heading\" data-id=\"fb6b853\" data-element_type=\"widget\" data-e-type=\"widget\" data-widget_type=\"heading.default\">\n\t\t\t\t<div class=\"elementor-widget-container\">\n\t\t\t\t\t<h2 class=\"elementor-heading-title elementor-size-default\">Privacy Notice<\/h2>\t\t\t\t<\/div>\n\t\t\t\t<\/div>\n\t\t\t\t\t<\/div>\n\t\t\t\t<\/div>\n\t\t<div class=\"elementor-element elementor-element-2d6230a e-flex e-con-boxed wpr-particle-no wpr-jarallax-no wpr-parallax-no wpr-sticky-section-no e-con e-parent\" data-id=\"2d6230a\" data-element_type=\"container\" data-e-type=\"container\" data-settings=\"{&quot;background_background&quot;:&quot;classic&quot;}\">\n\t\t\t\t\t<div class=\"e-con-inner\">\n\t\t\t\t<div class=\"elementor-element elementor-element-fe50a5c elementor-widget elementor-widget-text-editor\" data-id=\"fe50a5c\" data-element_type=\"widget\" data-e-type=\"widget\" data-widget_type=\"text-editor.default\">\n\t\t\t\t<div class=\"elementor-widget-container\">\n\t\t\t\t\t\t\t\t\t<p>En cumplimiento a lo que se establece en la Ley Federal de Protecci\u00f3n de Datos Personales en Posesi\u00f3n de Particulares (en adelante la \u201cLey\u201d) las empresas: CIMBRA MEX SA DE CV ser\u00e1n responsables de recabar sus datos personales, del uso que se d\u00e9 a los mismos y de su protecci\u00f3n.<\/p><p>Para efectos del presente aviso las empresas CIMBRA MEX SA DE CV se\u00f1alan de manera conjunta como domicilio para o\u00edr y recibir notificaciones el ubicado en Jos\u00e9 Mar\u00eda Morelos y Pav\u00f3n No. 44 Col. Jes\u00fas del Monte, C.P. 52764; Huixquilucan, Estado de M\u00e9xico y el correo electr\u00f3nico cimbramex@grupomarmex.mx<\/p><p><strong>Informaci\u00f3n personal que se puede recabar. <\/strong><\/p><ul><li>Datos de identificaci\u00f3n como: nombre, domicilio, tel\u00e9fono, correo electr\u00f3nico, CURP, fecha de nacimiento, nacionalidad, fotograf\u00eda y datos de identificaci\u00f3n oficial.<\/li><li>Datos laborales como: puesto, domicilio laboral, datos de contacto del trabajo y antecedentes laborales.<\/li><li>Datos de educaci\u00f3n como: estudios realizados, t\u00edtulos, cedula profesional, certificaciones e idiomas.<\/li><li>Datos bancarios y financieros como: datos bancarios necesarios para pagos o facturaci\u00f3n.<\/li><\/ul><p><strong>Finalidades y\/o Usos de los datos personales.<\/strong><\/p><p>Sus datos personales y\/o datos personales sensibles podr\u00e1n utilizarse para finalidades diversas, dependiendo del caso particular para el que sean proporcionados o recabados, siempre acorde con el presente Aviso de Privacidad.<\/p><p>\u00a0Los datos personales que recabamos podr\u00e1n ser utilizados para las siguientes finalidades:<\/p><ul><li>Cumplir con obligaciones derivadas de relaciones comerciales, contractuales o laborales.<\/li><li>Hacer cumplir y\/o ejecutar un contrato, fines estad\u00edsticos y t\u00e9cnicos, intercambiar informaci\u00f3n t\u00e9cnica necesaria para atender un determinado pedido, o registrarlo como proveedor, redactar los instrumentos legales que sean necesarios para sustentar la relaci\u00f3n que con usted se tiene o se quiera tener.<\/li><li>Cumplir con obligaciones derivadas de una relaci\u00f3n jur\u00eddica que con usted se tenga o se llegase a tener, hacer cumplir y\/o ejecutar un contrato, cumplir con algunas obligaciones legales, fines estad\u00edsticos y t\u00e9cnicos, intercambiar informaci\u00f3n t\u00e9cnica necesaria para atender un determinado pedido o solicitud en espec\u00edfico, para registrarlo en los programas en los que se ha inscrito voluntariamente y enviarle informaci\u00f3n solicitada o informaci\u00f3n de CIMBRAMEX que consideremos pueda ser de su inter\u00e9s, responder sus dudas o comentarios.<\/li><li>Contactarlo en caso de que su perfil resulte de inter\u00e9s para CIMBRAMEX y participar en el proceso de reclutamiento y selecci\u00f3n para concursar por un puesto vacante.<\/li><\/ul><p><strong>Responsable del manejo, custodia y administraci\u00f3n de los datos personales.<\/strong><\/p><p>El \u00e1rea responsable del manejo, custodia y administraci\u00f3n de datos personales es: Departamento de Datos Personales de CIMBRAMEX con quien pueden ponerse en contacto por medio del correo electr\u00f3nico cimbramex@grupomarmex.mx o en el domicilio ubicado en calle Jos\u00e9 Mar\u00eda Morelos y Pav\u00f3n No. 44 Col. Jes\u00fas del Monte, C.P. 52764; Huixquilucan, Estado de M\u00e9xico.<\/p><p><strong>Security measures<\/strong><\/p><p>CIMBRAMEX ha implementado y mantiene las medidas de seguridad, t\u00e9cnicas, administrativas y f\u00edsicas, necesarias para proteger sus datos personales y evitar su da\u00f1o, p\u00e9rdida, alteraci\u00f3n, destrucci\u00f3n o el uso, acceso o tratamiento no autorizado.<\/p><p><strong>Transferencias de datos personales.<\/strong><\/p><p>CIMBRAMEX \u00fanicamente podr\u00e1 transferir sus datos personales a terceros, nacionales o extranjeros con los que tenga una relaci\u00f3n jur\u00eddica o comercial con el fin de cumplir con las finalidades antes descritas. Asimismo, CIMBRAMEX podr\u00e1 transferir sus datos personales en los casos previstos y autorizados por la Ley.<\/p><p><strong>Derechos del titular de los datos personales.<\/strong><\/p><p>El titular de datos personales podr\u00e1 ejercer sus derechos de acceso, rectificaci\u00f3n, cancelaci\u00f3n y oposici\u00f3n (derechos \u201cARCO\u201d), as\u00ed como revocar su consentimiento o limitar el uso de sus datos personales<\/p><p>Para ello deber\u00e1 enviar una solicitud al correo electr\u00f3nico cimbramex@grupomarmex.mx, dicha solicitud debe de contener y acompa\u00f1arse de la siguiente informaci\u00f3n: El nombre del titular y domicilio u otro medio para comunicarle la respuesta de su solicitud.<\/p><ul><li>Los documentos que acrediten la identidad.<\/li><li>La descripci\u00f3n clara y precisa de los datos personales respecto de los que busca ejercer alguno de los derechos ARCO.<\/li><li>Cualquier otro elemento o documento que facilite la localizaci\u00f3n de los datos personales.<\/li><li>En el caso de solicitudes de rectificaci\u00f3n de datos personales, el titular deber\u00e1 indicar las modificaciones a realizarse y aportar la documentaci\u00f3n que soporte su petici\u00f3n.<\/li><\/ul><p>El \u00e1rea responsable del manejo, custodia y administraci\u00f3n de datos personales comunicar\u00e1 al titular en un plazo m\u00e1ximo de 20 d\u00edas, contados desde la fecha en que se recibi\u00f3 la solicitud la determinaci\u00f3n adoptada. El plazo antes referido podr\u00e1 ser ampliado una sola vez por un periodo igual, siempre y cuando as\u00ed lo justifiquen las circunstancias del caso.<\/p><p><strong>Consentimiento<\/strong><\/p><p>El titular de datos personales manifiesta haber le\u00eddo y estar de acuerdo con los t\u00e9rminos y condiciones del Aviso de Privacidad puesto a su disposici\u00f3n, conociendo la finalidad de la recolecci\u00f3n y tratamiento de sus datos personales, as\u00ed como el procedimiento para el ejercicio de sus Derechos ARCO, por lo que si no manifiesta su oposici\u00f3n se entender\u00e1 que otorga su consentimiento.<\/p><p><strong>Modificaciones al aviso de privacidad<\/strong><\/p><p>CIMBRAMEX se reserva el derecho de modificar el presente Aviso de Privacidad en cualquier momento, en caso de que exista alg\u00fan cambio a este aviso de privacidad se le comunicar\u00e1 a trav\u00e9s de nuestro portal https:\/\/cimbramex.mx\/<br \/>Fecha \u00faltima actualizaci\u00f3n: Enero 2026.<\/p>\t\t\t\t\t\t\t\t<\/div>\n\t\t\t\t<\/div>\n\t\t\t\t\t<\/div>\n\t\t\t\t<\/div>\n\t\t\t\t<\/div>","protected":false},"excerpt":{"rendered":"<p>Aviso de Privacidad En cumplimiento a lo que se establece en la Ley Federal de Protecci\u00f3n de Datos Personales en Posesi\u00f3n de Particulares (en adelante la \u201cLey\u201d) las empresas: CIMBRA MEX SA DE CV ser\u00e1n responsables de recabar sus datos personales, del uso que se d\u00e9 a los mismos y de su protecci\u00f3n. Para efectos del presente aviso las empresas CIMBRA MEX SA DE CV se\u00f1alan de manera conjunta como domicilio para o\u00edr y recibir notificaciones el ubicado en Jos\u00e9 Mar\u00eda Morelos y Pav\u00f3n No. 44 Col. Jes\u00fas del Monte, C.P. 52764; Huixquilucan, Estado de M\u00e9xico y el correo electr\u00f3nico cimbramex@grupomarmex.mx Informaci\u00f3n personal que se puede recabar. Datos de identificaci\u00f3n como: nombre, domicilio, tel\u00e9fono, correo electr\u00f3nico, CURP, fecha de nacimiento, nacionalidad, fotograf\u00eda y datos de identificaci\u00f3n oficial. Datos laborales como: puesto, domicilio laboral, datos de contacto del trabajo y antecedentes laborales. Datos de educaci\u00f3n como: estudios realizados, t\u00edtulos, cedula profesional, certificaciones e idiomas. Datos bancarios y financieros como: datos bancarios necesarios para pagos o facturaci\u00f3n. Finalidades y\/o Usos de los datos personales. Sus datos personales y\/o datos personales sensibles podr\u00e1n utilizarse para finalidades diversas, dependiendo del caso particular para el que sean proporcionados o recabados, siempre acorde con el presente Aviso de Privacidad. \u00a0Los datos personales que recabamos podr\u00e1n ser utilizados para las siguientes finalidades: Cumplir con obligaciones derivadas de relaciones comerciales, contractuales o laborales. Hacer cumplir y\/o ejecutar un contrato, fines estad\u00edsticos y t\u00e9cnicos, intercambiar informaci\u00f3n t\u00e9cnica necesaria para atender un determinado pedido, o registrarlo como proveedor, redactar los instrumentos legales que sean necesarios para sustentar la relaci\u00f3n que con usted se tiene o se quiera tener. Cumplir con obligaciones derivadas de una relaci\u00f3n jur\u00eddica que con usted se tenga o se llegase a tener, hacer cumplir y\/o ejecutar un contrato, cumplir con algunas obligaciones legales, fines estad\u00edsticos y t\u00e9cnicos, intercambiar informaci\u00f3n t\u00e9cnica necesaria para atender un determinado pedido o solicitud en espec\u00edfico, para registrarlo en los programas en los que se ha inscrito voluntariamente y enviarle informaci\u00f3n solicitada o informaci\u00f3n de CIMBRAMEX que consideremos pueda ser de su inter\u00e9s, responder sus dudas o comentarios. Contactarlo en caso de que su perfil resulte de inter\u00e9s para CIMBRAMEX y participar en el proceso de reclutamiento y selecci\u00f3n para concursar por un puesto vacante. Responsable del manejo, custodia y administraci\u00f3n de los datos personales. El \u00e1rea responsable del manejo, custodia y administraci\u00f3n de datos personales es: Departamento de Datos Personales de CIMBRAMEX con quien pueden ponerse en contacto por medio del correo electr\u00f3nico cimbramex@grupomarmex.mx o en el domicilio ubicado en calle Jos\u00e9 Mar\u00eda Morelos y Pav\u00f3n No. 44 Col. Jes\u00fas del Monte, C.P. 52764; Huixquilucan, Estado de M\u00e9xico. Medidas de seguridad CIMBRAMEX ha implementado y mantiene las medidas de seguridad, t\u00e9cnicas, administrativas y f\u00edsicas, necesarias para proteger sus datos personales y evitar su da\u00f1o, p\u00e9rdida, alteraci\u00f3n, destrucci\u00f3n o el uso, acceso o tratamiento no autorizado. Transferencias de datos personales. CIMBRAMEX \u00fanicamente podr\u00e1 transferir sus datos personales a terceros, nacionales o extranjeros con los que tenga una relaci\u00f3n jur\u00eddica o comercial con el fin de cumplir con las finalidades antes descritas. Asimismo, CIMBRAMEX podr\u00e1 transferir sus datos personales en los casos previstos y autorizados por la Ley. Derechos del titular de los datos personales. El titular de datos personales podr\u00e1 ejercer sus derechos de acceso, rectificaci\u00f3n, cancelaci\u00f3n y oposici\u00f3n (derechos \u201cARCO\u201d), as\u00ed como revocar su consentimiento o limitar el uso de sus datos personales Para ello deber\u00e1 enviar una solicitud al correo electr\u00f3nico cimbramex@grupomarmex.mx, dicha solicitud debe de contener y acompa\u00f1arse de la siguiente informaci\u00f3n: El nombre del titular y domicilio u otro medio para comunicarle la respuesta de su solicitud. Los documentos que acrediten la identidad. La descripci\u00f3n clara y precisa de los datos personales respecto de los que busca ejercer alguno de los derechos ARCO. Cualquier otro elemento o documento que facilite la localizaci\u00f3n de los datos personales. En el caso de solicitudes de rectificaci\u00f3n de datos personales, el titular deber\u00e1 indicar las modificaciones a realizarse y aportar la documentaci\u00f3n que soporte su petici\u00f3n. El \u00e1rea responsable del manejo, custodia y administraci\u00f3n de datos personales comunicar\u00e1 al titular en un plazo m\u00e1ximo de 20 d\u00edas, contados desde la fecha en que se recibi\u00f3 la solicitud la determinaci\u00f3n adoptada. El plazo antes referido podr\u00e1 ser ampliado una sola vez por un periodo igual, siempre y cuando as\u00ed lo justifiquen las circunstancias del caso. Consentimiento El titular de datos personales manifiesta haber le\u00eddo y estar de acuerdo con los t\u00e9rminos y condiciones del Aviso de Privacidad puesto a su disposici\u00f3n, conociendo la finalidad de la recolecci\u00f3n y tratamiento de sus datos personales, as\u00ed como el procedimiento para el ejercicio de sus Derechos ARCO, por lo que si no manifiesta su oposici\u00f3n se entender\u00e1 que otorga su consentimiento. Modificaciones al aviso de privacidad CIMBRAMEX se reserva el derecho de modificar el presente Aviso de Privacidad en cualquier momento, en caso de que exista alg\u00fan cambio a este aviso de privacidad se le comunicar\u00e1 a trav\u00e9s de nuestro portal https:\/\/cimbramex.mx\/Fecha \u00faltima actualizaci\u00f3n: Enero 2026.<\/p>","protected":false},"author":1,"featured_media":0,"parent":0,"menu_order":0,"comment_status":"closed","ping_status":"closed","template":"","meta":{"site-sidebar-layout":"no-sidebar","site-content-layout":"page-builder","ast-site-content-layout":"full-width-container","site-content-style":"default","site-sidebar-style":"default","ast-global-header-display":"","ast-banner-title-visibility":"","ast-main-header-display":"","ast-hfb-above-header-display":"","ast-hfb-below-header-display":"","ast-hfb-mobile-header-display":"","site-post-title":"disabled","ast-breadcrumbs-content":"","ast-featured-img":"disabled","footer-sml-layout":"","ast-disable-related-posts":"","theme-transparent-header-meta":"","adv-header-id-meta":"","stick-header-meta":"","header-above-stick-meta":"","header-main-stick-meta":"","header-below-stick-meta":"","astra-migrate-meta-layouts":"set","ast-page-background-enabled":"default","ast-page-background-meta":{"desktop":{"background-color":"","background-image":"","background-repeat":"repeat","background-position":"center center","background-size":"auto","background-attachment":"scroll","background-type":"","background-media":"","overlay-type":"","overlay-color":"","overlay-opacity":"","overlay-gradient":""},"tablet":{"background-color":"","background-image":"","background-repeat":"repeat","background-position":"center center","background-size":"auto","background-attachment":"scroll","background-type":"","background-media":"","overlay-type":"","overlay-color":"","overlay-opacity":"","overlay-gradient":""},"mobile":{"background-color":"","background-image":"","background-repeat":"repeat","background-position":"center center","background-size":"auto","background-attachment":"scroll","background-type":"","background-media":"","overlay-type":"","overlay-color":"","overlay-opacity":"","overlay-gradient":""}},"ast-content-background-meta":{"desktop":{"background-color":"var(--ast-global-color-5)","background-image":"","background-repeat":"repeat","background-position":"center center","background-size":"auto","background-attachment":"scroll","background-type":"","background-media":"","overlay-type":"","overlay-color":"","overlay-opacity":"","overlay-gradient":""},"tablet":{"background-color":"var(--ast-global-color-5)","background-image":"","background-repeat":"repeat","background-position":"center center","background-size":"auto","background-attachment":"scroll","background-type":"","background-media":"","overlay-type":"","overlay-color":"","overlay-opacity":"","overlay-gradient":""},"mobile":{"background-color":"var(--ast-global-color-5)","background-image":"","background-repeat":"repeat","background-position":"center center","background-size":"auto","background-attachment":"scroll","background-type":"","background-media":"","overlay-type":"","overlay-color":"","overlay-opacity":"","overlay-gradient":""}},"_joinchat":[],"footnotes":""},"class_list":["post-2900","page","type-page","status-publish","hentry"],"_links":{"self":[{"href":"https:\/\/cimbramexindustrial.mx\/en\/wp-json\/wp\/v2\/pages\/2900","targetHints":{"allow":["GET"]}}],"collection":[{"href":"https:\/\/cimbramexindustrial.mx\/en\/wp-json\/wp\/v2\/pages"}],"about":[{"href":"https:\/\/cimbramexindustrial.mx\/en\/wp-json\/wp\/v2\/types\/page"}],"author":[{"embeddable":true,"href":"https:\/\/cimbramexindustrial.mx\/en\/wp-json\/wp\/v2\/users\/1"}],"replies":[{"embeddable":true,"href":"https:\/\/cimbramexindustrial.mx\/en\/wp-json\/wp\/v2\/comments?post=2900"}],"version-history":[{"count":22,"href":"https:\/\/cimbramexindustrial.mx\/en\/wp-json\/wp\/v2\/pages\/2900\/revisions"}],"predecessor-version":[{"id":3783,"href":"https:\/\/cimbramexindustrial.mx\/en\/wp-json\/wp\/v2\/pages\/2900\/revisions\/3783"}],"wp:attachment":[{"href":"https:\/\/cimbramexindustrial.mx\/en\/wp-json\/wp\/v2\/media?parent=2900"}],"curies":[{"name":"wp","href":"https:\/\/api.w.org\/{rel}","templated":true}]}}